{"id":2,"date":"2024-04-22T23:24:19","date_gmt":"2024-04-22T23:24:19","guid":{"rendered":"http:\/\/timburfimi.is\/?page_id=2"},"modified":"2024-04-23T18:15:13","modified_gmt":"2024-04-23T18:15:13","slug":"sample-page","status":"publish","type":"page","link":"https:\/\/timburfimi.is\/?page_id=2","title":{"rendered":"Hafa Samband"},"content":{"rendered":"\n<p>Stef\u00e1n \u00de\u00f3r Gestsson H\u00fasasm\u00ed\u00f0ameistari<\/p>\n\n\n\n<p>883-0080<\/p>\n\n\n\n<p>stefan@timburfimi.is<\/p>\n","protected":false},"excerpt":{"rendered":"<p>Stef\u00e1n \u00de\u00f3r Gestsson H\u00fasasm\u00ed\u00f0ameistari 883-0080 stefan@timburfimi.is<\/p>\n","protected":false},"author":1,"featured_media":0,"parent":0,"menu_order":0,"comment_status":"closed","ping_status":"open","template":"","meta":{"footnotes":""},"class_list":["post-2","page","type-page","status-publish","hentry"],"_links":{"self":[{"href":"https:\/\/timburfimi.is\/index.php?rest_route=\/wp\/v2\/pages\/2","targetHints":{"allow":["GET"]}}],"collection":[{"href":"https:\/\/timburfimi.is\/index.php?rest_route=\/wp\/v2\/pages"}],"about":[{"href":"https:\/\/timburfimi.is\/index.php?rest_route=\/wp\/v2\/types\/page"}],"author":[{"embeddable":true,"href":"https:\/\/timburfimi.is\/index.php?rest_route=\/wp\/v2\/users\/1"}],"replies":[{"embeddable":true,"href":"https:\/\/timburfimi.is\/index.php?rest_route=%2Fwp%2Fv2%2Fcomments&post=2"}],"version-history":[{"count":3,"href":"https:\/\/timburfimi.is\/index.php?rest_route=\/wp\/v2\/pages\/2\/revisions"}],"predecessor-version":[{"id":19,"href":"https:\/\/timburfimi.is\/index.php?rest_route=\/wp\/v2\/pages\/2\/revisions\/19"}],"wp:attachment":[{"href":"https:\/\/timburfimi.is\/index.php?rest_route=%2Fwp%2Fv2%2Fmedia&parent=2"}],"curies":[{"name":"wp","href":"https:\/\/api.w.org\/{rel}","templated":true}]}}